{"id":2,"date":"2026-03-28T17:01:31","date_gmt":"2026-03-28T17:01:31","guid":{"rendered":"https:\/\/www.wasserwerkstatt-dresden.de\/?page_id=2"},"modified":"2026-04-12T14:12:33","modified_gmt":"2026-04-12T14:12:33","slug":"sample-page","status":"publish","type":"page","link":"https:\/\/www.wasserwerkstatt-dresden.de\/?page_id=2","title":{"rendered":"Regenwasser"},"content":{"rendered":"\n<p>Die Speicherung, Nutzung und Versickerung von Regenwasser gewinnt zunehmend an Bedeutung. Regenwasser l\u00e4sst sich f\u00fcr viele Bereiche verwenden f\u00fcr die Trinkwasserqualit\u00e4t nicht n\u00f6tig ist.<br>Eine Regenwassernutzungsanlage nach DIN 1989 sammelt das Regenwasser meist von der Dachfl\u00e4che und f\u00fchrt es \u00fcber einen Filter in einen Speicher. Von dort ist eine Nutzung sowohl f\u00fcr den Gartenbereich (Bew\u00e4sserung) als auch f\u00fcr den h\u00e4uslichen Bereich (Toilettensp\u00fclung, W\u00e4sche waschen) m\u00f6glich. Der \u00dcberlauf des Speichers und der Abfluss anderer Fl\u00e4chen k\u00f6nnen entsprechend der technischen Bemessungsrichtlinien (z.B. Arbeitsblatt DWA-A 138) in eine Versickerungsanlage (z.B. Rigolenversickerung) eingeleitet werden.<br>Durch den Einsatz von Regenwasser kann der Trinkwasserverbrauch um ann\u00e4hernd 40% gesenkt werden.<\/p>\n\n\n\n<p><strong>Vorteile einer Regenwassernutzung<\/strong><\/p>\n\n\n\n<ul class=\"wp-block-list\">\n<li>Verhinderung der Waschmaschinenverkalkung und Einsparung von Waschmittel<\/li>\n\n\n\n<li>weniger Urinsteinbildung im WC<\/li>\n\n\n\n<li>sehr hochwertiges Wasser zur Bew\u00e4sserung von Pflanzen<\/li>\n\n\n\n<li>Entlastung von Abwasserkanalnetz undKl\u00e4ranlage<\/li>\n\n\n\n<li>Kosteneinsparung beim Trinkwasserbezug<\/li>\n\n\n\n<li>ggf. Wegfallen oder Abminderung der Niederschlagsgeb\u00fchr<\/li>\n\n\n\n<li>Entlastung der Flie\u00dfgew\u00e4sser und individuelle Hochwasservorbeugung<\/li>\n<\/ul>\n\n\n\n<p><strong>Unsere Leistungen<\/strong><\/p>\n\n\n\n<ul class=\"wp-block-list\">\n<li>ausf\u00fchrliche individuelle Beratung zum Verbleib des anfallenden Regenwassers<\/li>\n\n\n\n<li>Planung und Bauausf\u00fchrung<\/li>\n\n\n\n<li>Begleitung von Eigenleistungen<\/li>\n\n\n\n<li>\u00dcbernahme beh\u00f6rdlicher Korrespondenz<\/li>\n\n\n\n<li>Wartung, Reparatur und Nachr\u00fcstung von bestehenden Systemen<\/li>\n<\/ul>\n","protected":false},"excerpt":{"rendered":"<p>Die Speicherung, Nutzung und Versickerung von Regenwasser gewinnt zunehmend an Bedeutung. Regenwasser l\u00e4sst sich f\u00fcr viele Bereiche verwenden f\u00fcr die Trinkwasserqualit\u00e4t nicht n\u00f6tig ist.Eine Regenwassernutzungsanlage nach DIN 1989 sammelt das Regenwasser meist von der Dachfl\u00e4che und f\u00fchrt es \u00fcber einen Filter in einen Speicher. Von dort ist eine Nutzung sowohl f\u00fcr den Gartenbereich (Bew\u00e4sserung) als [&hellip;]<\/p>\n","protected":false},"author":1,"featured_media":29,"parent":0,"menu_order":1,"comment_status":"closed","ping_status":"open","template":"","meta":{"footnotes":""},"class_list":["post-2","page","type-page","status-publish","has-post-thumbnail","hentry"],"_links":{"self":[{"href":"https:\/\/www.wasserwerkstatt-dresden.de\/index.php?rest_route=\/wp\/v2\/pages\/2","targetHints":{"allow":["GET"]}}],"collection":[{"href":"https:\/\/www.wasserwerkstatt-dresden.de\/index.php?rest_route=\/wp\/v2\/pages"}],"about":[{"href":"https:\/\/www.wasserwerkstatt-dresden.de\/index.php?rest_route=\/wp\/v2\/types\/page"}],"author":[{"embeddable":true,"href":"https:\/\/www.wasserwerkstatt-dresden.de\/index.php?rest_route=\/wp\/v2\/users\/1"}],"replies":[{"embeddable":true,"href":"https:\/\/www.wasserwerkstatt-dresden.de\/index.php?rest_route=%2Fwp%2Fv2%2Fcomments&post=2"}],"version-history":[{"count":2,"href":"https:\/\/www.wasserwerkstatt-dresden.de\/index.php?rest_route=\/wp\/v2\/pages\/2\/revisions"}],"predecessor-version":[{"id":28,"href":"https:\/\/www.wasserwerkstatt-dresden.de\/index.php?rest_route=\/wp\/v2\/pages\/2\/revisions\/28"}],"wp:featuredmedia":[{"embeddable":true,"href":"https:\/\/www.wasserwerkstatt-dresden.de\/index.php?rest_route=\/wp\/v2\/media\/29"}],"wp:attachment":[{"href":"https:\/\/www.wasserwerkstatt-dresden.de\/index.php?rest_route=%2Fwp%2Fv2%2Fmedia&parent=2"}],"curies":[{"name":"wp","href":"https:\/\/api.w.org\/{rel}","templated":true}]}}