{"id":22,"date":"2026-04-12T13:54:54","date_gmt":"2026-04-12T13:54:54","guid":{"rendered":"https:\/\/www.wasserwerkstatt-dresden.de\/?page_id=22"},"modified":"2026-04-12T15:45:51","modified_gmt":"2026-04-12T15:45:51","slug":"disclaimer","status":"publish","type":"page","link":"https:\/\/www.wasserwerkstatt-dresden.de\/?page_id=22","title":{"rendered":"Disclaimer"},"content":{"rendered":"\n<p>Die Inhalte dieser Website\/ dieses Dienstes wurden mit gr\u00f6\u00dfter Sorgfalt erstellt. Dennoch \u00fcbernehmen wir keine Gew\u00e4hr f\u00fcr die Vollst\u00e4ndigkeit, Richtigkeit, Aktualit\u00e4t oder Eignung der bereitgestellten Informationen. Jegliche Nutzung der Inhalte erfolgt auf eigene Verantwortung.<\/p>\n\n\n\n<p>Weder wir noch unsere Erf\u00fcllungsgehilfen haften f\u00fcr direkte oder indirekte Sch\u00e4den, die durch die Nutzung oder Unm\u00f6glichkeit der Nutzung der Inhalte entstehen, soweit dies gesetzlich zul\u00e4ssig ist. Dies gilt nicht f\u00fcr Sch\u00e4den aus der Verletzung von Leben, K\u00f6rper oder Gesundheit sowie aus der Verletzung wesentlicher Vertragspflichten; letztere Haftung ist jedoch auf den typischen, vorhersehbaren Schaden begrenzt.<\/p>\n\n\n\n<p>Links zu externen Websites werden nur als Service bereitgestellt; wir \u00fcbernehmen keine Verantwortung f\u00fcr deren Inhalte, Datenschutzpraktiken oder Verf\u00fcgbarkeit.<\/p>\n\n\n\n<p>Informationen auf dieser Website stellen keine rechtliche, medizinische, steuerliche oder sonstige professionelle Beratung dar und ersetzen nicht die Konsultation eines entsprechend qualifizierten Fachmanns.<\/p>\n\n\n\n<p>Die auf dieser Website verwendeten Texte, Bilder und sonstigen Inhalte sind urheberrechtlich gesch\u00fctzt. Jede Vervielf\u00e4ltigung, Verbreitung oder \u00f6ffentliche Wiedergabe bedarf der vorherigen schriftlichen Zustimmung des Rechteinhabers, sofern nicht ausdr\u00fccklich anders gekennzeichnet.<\/p>\n\n\n\n<p>Sollten einzelne Bestimmungen dieses Disclaimers ganz oder teilweise unwirksam sein oder werden, bleibt die Wirksamkeit der \u00fcbrigen Bestimmungen unber\u00fchrt.<\/p>\n\n\n\n<p>Bei Fragen kontaktieren Sie uns bitte unter: post@wasserwerkstatt-dresden.de.<\/p>\n","protected":false},"excerpt":{"rendered":"<p>Die Inhalte dieser Website\/ dieses Dienstes wurden mit gr\u00f6\u00dfter Sorgfalt erstellt. Dennoch \u00fcbernehmen wir keine Gew\u00e4hr f\u00fcr die Vollst\u00e4ndigkeit, Richtigkeit, Aktualit\u00e4t oder Eignung der bereitgestellten Informationen. Jegliche Nutzung der Inhalte erfolgt auf eigene Verantwortung. Weder wir noch unsere Erf\u00fcllungsgehilfen haften f\u00fcr direkte oder indirekte Sch\u00e4den, die durch die Nutzung oder Unm\u00f6glichkeit der Nutzung der Inhalte [&hellip;]<\/p>\n","protected":false},"author":1,"featured_media":0,"parent":0,"menu_order":6,"comment_status":"closed","ping_status":"closed","template":"","meta":{"footnotes":""},"class_list":["post-22","page","type-page","status-publish","hentry"],"_links":{"self":[{"href":"https:\/\/www.wasserwerkstatt-dresden.de\/index.php?rest_route=\/wp\/v2\/pages\/22","targetHints":{"allow":["GET"]}}],"collection":[{"href":"https:\/\/www.wasserwerkstatt-dresden.de\/index.php?rest_route=\/wp\/v2\/pages"}],"about":[{"href":"https:\/\/www.wasserwerkstatt-dresden.de\/index.php?rest_route=\/wp\/v2\/types\/page"}],"author":[{"embeddable":true,"href":"https:\/\/www.wasserwerkstatt-dresden.de\/index.php?rest_route=\/wp\/v2\/users\/1"}],"replies":[{"embeddable":true,"href":"https:\/\/www.wasserwerkstatt-dresden.de\/index.php?rest_route=%2Fwp%2Fv2%2Fcomments&post=22"}],"version-history":[{"count":1,"href":"https:\/\/www.wasserwerkstatt-dresden.de\/index.php?rest_route=\/wp\/v2\/pages\/22\/revisions"}],"predecessor-version":[{"id":23,"href":"https:\/\/www.wasserwerkstatt-dresden.de\/index.php?rest_route=\/wp\/v2\/pages\/22\/revisions\/23"}],"wp:attachment":[{"href":"https:\/\/www.wasserwerkstatt-dresden.de\/index.php?rest_route=%2Fwp%2Fv2%2Fmedia&parent=22"}],"curies":[{"name":"wp","href":"https:\/\/api.w.org\/{rel}","templated":true}]}}