{"id":30,"date":"2026-04-12T14:34:49","date_gmt":"2026-04-12T14:34:49","guid":{"rendered":"https:\/\/www.wasserwerkstatt-dresden.de\/?page_id=30"},"modified":"2026-04-12T14:37:56","modified_gmt":"2026-04-12T14:37:56","slug":"pflanzenklaeranlagen","status":"publish","type":"page","link":"https:\/\/www.wasserwerkstatt-dresden.de\/?page_id=30","title":{"rendered":"Pflanzenkl\u00e4ranlagen"},"content":{"rendered":"\n<p><\/p>\n\n\n\n<p>Die Fachplanung einer Pflanzenkl\u00e4ranlage beginnt mit der Aufnahme der Gegebenheiten vor Ort. Anhand der Ausgangssituation wird ein individuelles, angepasstes Angebot erstellt und mit der Kundin \/ dem Kunden abgesprochen. Material und Rohstoffe werden bestellt, wobei wir bestrebt sind, Anbieter aus der Region zu w\u00e4hlen. Der Zeitplan f\u00fcr den Bau wird abgesteckt. Wo es n\u00f6tig ist, ziehen wir erfahrenes Fachpersonal (z.&nbsp;B. Baumaschinisten) hinzu. Nach Abschluss der Arbeiten wird die fertige Anlage noch getestet (z. B. Dichtheitspr\u00fcfung). Nat\u00fcrlich \u00fcbernehmen wir auch die Wartung der von uns gebauten Pflanzenkl\u00e4ranlagen und sind bei Betriebsproblemen zur Stelle.<\/p>\n\n\n\n<p>Planung, Bau und Wartung unserer Anlagen erfolgen nach den einschl\u00e4gigen technischen Regeln (vor allem DWA-A 262).<\/p>\n\n\n\n<p><strong>Vorteile unserer Pflanzenkl\u00e4ranlagen<\/strong><\/p>\n\n\n\n<ul class=\"wp-block-list\">\n<li>wartungsarm<\/li>\n\n\n\n<li>betriebssicher auch im Winter, bei Saisonbetrieb und schwankenden Abwasserzufl\u00fcssen<\/li>\n\n\n\n<li>keine zus\u00e4tzliche Schlammentwicklung<\/li>\n\n\n\n<li>minimaler Energieeinsatz\/ stromloser Betrieb<\/li>\n\n\n\n<li>ohne Geruchsentwicklung durch unterirdische Beschickung<\/li>\n\n\n\n<li>keine Unfall- und Infektionsgefahr durch unterirdische Beschickung<\/li>\n\n\n\n<li>einfache naturnahe Verfahrensf\u00fchrung<\/li>\n\n\n\n<li>optisch ansprechend, f\u00fcgt sich gut in Landschaft als Gestaltungselement ein<\/li>\n\n\n\n<li>Einsparung von Investitionskosten durch Eigenleistungen<\/li>\n<\/ul>\n\n\n\n<p><strong>Unsere Leistungen<\/strong><\/p>\n\n\n\n<ul class=\"wp-block-list\">\n<li>individuelle Planung und Bauausf\u00fchrung, nach M\u00f6glichkeit Einbindung und Nutzung vorhandener Anlagen<\/li>\n\n\n\n<li>wasserrechtliche Beantragung<\/li>\n\n\n\n<li>Hilfestellung bei Problemen mit Beh\u00f6rden und Zweckverband<\/li>\n\n\n\n<li>Inbetriebnahme und Baubetreuung auch bei Eigenleistungen<\/li>\n\n\n\n<li>Wartung und Begleitung des Anlagenbetriebes (nach Inbetriebnahme)<\/li>\n<\/ul>\n\n\n\n<p>Weitere Informationen zum Thema und zu unserem Angebot finden Sie im <a href=\"https:\/\/www.wasserwerkstatt-dresden.de\/wp-content\/uploads\/2026\/04\/Information_PKA-3.pdf\" target=\"_blank\" rel=\"noreferrer noopener\">Infoblatt Pflanzenkl\u00e4ranlagen<\/a>.<\/p>\n\n\n\n<p><\/p>\n","protected":false},"excerpt":{"rendered":"<p>Die Fachplanung einer Pflanzenkl\u00e4ranlage beginnt mit der Aufnahme der Gegebenheiten vor Ort. Anhand der Ausgangssituation wird ein individuelles, angepasstes Angebot erstellt und mit der Kundin \/ dem Kunden abgesprochen. Material und Rohstoffe werden bestellt, wobei wir bestrebt sind, Anbieter aus der Region zu w\u00e4hlen. Der Zeitplan f\u00fcr den Bau wird abgesteckt. Wo es n\u00f6tig ist, [&hellip;]<\/p>\n","protected":false},"author":1,"featured_media":44,"parent":0,"menu_order":0,"comment_status":"closed","ping_status":"closed","template":"","meta":{"footnotes":""},"class_list":["post-30","page","type-page","status-publish","has-post-thumbnail","hentry"],"_links":{"self":[{"href":"https:\/\/www.wasserwerkstatt-dresden.de\/index.php?rest_route=\/wp\/v2\/pages\/30","targetHints":{"allow":["GET"]}}],"collection":[{"href":"https:\/\/www.wasserwerkstatt-dresden.de\/index.php?rest_route=\/wp\/v2\/pages"}],"about":[{"href":"https:\/\/www.wasserwerkstatt-dresden.de\/index.php?rest_route=\/wp\/v2\/types\/page"}],"author":[{"embeddable":true,"href":"https:\/\/www.wasserwerkstatt-dresden.de\/index.php?rest_route=\/wp\/v2\/users\/1"}],"replies":[{"embeddable":true,"href":"https:\/\/www.wasserwerkstatt-dresden.de\/index.php?rest_route=%2Fwp%2Fv2%2Fcomments&post=30"}],"version-history":[{"count":2,"href":"https:\/\/www.wasserwerkstatt-dresden.de\/index.php?rest_route=\/wp\/v2\/pages\/30\/revisions"}],"predecessor-version":[{"id":43,"href":"https:\/\/www.wasserwerkstatt-dresden.de\/index.php?rest_route=\/wp\/v2\/pages\/30\/revisions\/43"}],"wp:featuredmedia":[{"embeddable":true,"href":"https:\/\/www.wasserwerkstatt-dresden.de\/index.php?rest_route=\/wp\/v2\/media\/44"}],"wp:attachment":[{"href":"https:\/\/www.wasserwerkstatt-dresden.de\/index.php?rest_route=%2Fwp%2Fv2%2Fmedia&parent=30"}],"curies":[{"name":"wp","href":"https:\/\/api.w.org\/{rel}","templated":true}]}}