{"id":45,"date":"2026-04-12T14:50:27","date_gmt":"2026-04-12T14:50:27","guid":{"rendered":"https:\/\/www.wasserwerkstatt-dresden.de\/?page_id=45"},"modified":"2026-04-12T16:13:41","modified_gmt":"2026-04-12T16:13:41","slug":"forschung-und-publikationen","status":"publish","type":"page","link":"https:\/\/www.wasserwerkstatt-dresden.de\/?page_id=45","title":{"rendered":"Forschung und Publikationen"},"content":{"rendered":"\n<p>Um unsere Anlagen und Methoden weiter zu entwickeln, sind wir am Austausch mit Fachleuten und wissenschaftlichen Einrichtungen interessiert. Wir betreuen Diplom- und Projektarbeiten und beteiligen uns an Forschungsprojekten.<br>Folgende Arbeiten haben wurden und werden von uns 2012\/2013 betreut.<\/p>\n\n\n\n<ul class=\"wp-block-list\">\n<li>Kunz K. und Silge M.(2012).Optimierung des Beschickungssystems von<br>Pflanzenkl\u00e4ranlagen, Projektarbeit, Institut f\u00fcr Siedlungs-und Industriewasserwirtschaft, TU Dresden<\/li>\n\n\n\n<li>Vanzella de Melo J.A. (2013).Test eines Schwallbeschickers, Bachelorarbeit, Institut f\u00fcr Siedlungs-und Industriewasserwirtschaft, TU Dresden<\/li>\n\n\n\n<li>Kunz K. (2013).Nutzung von Niederschlags-Abfluss-Modellen zur Ermittlung der abflusswirksamen Fl\u00e4chen, Diplomarbeit, Institut f\u00fcr Siedlungs-und Industriewasserwirtschaft, TU Dresden<\/li>\n\n\n\n<li>Taupitz N.(2014).Quantifizierung von Fremdwasserabfl\u00fcssen mittels Temperaturmessungen, Bachelorarbeit, Institut f\u00fcr Siedlungs-und Industriewasserwirtschaft, TU Dresden<\/li>\n\n\n\n<li><strong>Zippel M. (2014) Untersuchungen zur Beschickung von vertikal durchstr\u00f6mten Bodenfiltern<\/strong>, Masterarbeit, Institut f\u00fcr Siedlungs-und Industriewasserwirtschaft, TU Dresden<\/li>\n\n\n\n<li><strong>K\u00e4seberg M. (2014) Nutzung von Grundwasserpegeldaten zur Ermittlung von<\/strong> <strong>Fremdwasserzufl\u00fcssen<\/strong>, Masterarbeit, Institut f\u00fcr Siedlungs-und Industriewasserwirtschaft, TU Dresden<\/li>\n\n\n\n<li><strong>Silge M. (2016) Konzeption der Regenwasserbewirtschaftung und<\/strong> <strong>Abwasserbehandlung eines Landwirtschaftsbetriebes<\/strong>, Diplomarbeit, Institut f\u00fcr Siedlungs-und Industriewasserwirtschaft, TU Dresden<\/li>\n\n\n\n<li><strong>Paul U. (2017) <\/strong><strong>Modellierung von Beschickungssystemen vertikaler durchstr\u00f6mter Bodenfilter<\/strong>, Masterarbeit, Institut f\u00fcr Siedlungs-und Industriewasserwirtschaft, TU Dresden<\/li>\n\n\n\n<li><strong>Engelbrecht T. (2019) <\/strong>Absch\u00e4tzung von Fremdwasservolumenstr\u00f6men anhand von Temperaturmessungen, Masterarbeit, Institut f\u00fcr Siedlungs-und Industriewasserwirtschaft, TU Dresden<\/li>\n\n\n\n<li><strong>Ziegler T. G. (2025) <\/strong><strong>Durchf\u00fchrung von halbtechnischen Versuchen zum Abbau DMAc-haltiger Abw\u00e4sser in einer zweistufigen Bodenfilteranlage<\/strong>, Masterarbeit, Institut f\u00fcr Siedlungs-und Industriewasserwirtschaft, TU Dresden<\/li>\n<\/ul>\n\n\n\n<p>Eigene Forschungsarbeiten entstanden in den letzten Jahren auf dem Gebiet der Fremdwasseranalyse, Abwasserexfiltration und Beschickung von Pflanzenkl\u00e4ranlagen. Nachfolgend ist eine Auswahl von Publikationen aufgelistet, die zu diesen Themen entstanden sind.<\/p>\n\n\n\n<ul class=\"wp-block-list\">\n<li>Karpf C. and Krebs P. (2011). Quantification of Groundwater Infiltration and Surface Water Inflows in Urban Sewer Networks based on a multiple Model Approach. Water Research , 45:31293136.<\/li>\n\n\n\n<li>Karpf C., Hoeft S., Scheffer C., Fuchs L., und Krebs P. (2011). Groundwater infiltration, surface water inflow and sewerage exfiltration considering hydrodynamic conditions in sewer systems, Water Science and Technology 63.9, doi: 10.2166\/wst.2011.388.<\/li>\n\n\n\n<li>Karpf C. und Krebs, P. (2012) Modelling of groundwater infiltration into sewer system. Urban Water Journal, DOI: 10.1080\/1573062X.2012.724077.<\/li>\n\n\n\n<li>Karpf C. (2012). Hydraulische Modellierung der Interaktion zwischen Grundwasser und Kanalisation. Dissertation, TU Dresden. (<a href=\"https:\/\/nbn-resolving.org\/urn:nbn:de:bsz:14-qucosa-97627\">Dissertation Christian Karpf<\/a>)<\/li>\n\n\n\n<li>Urte Paul, Christian Karpf, Thomas Schalk (2018): <a href=\"http:\/\/dx.doi.org\/10.2166\/wst.2018.025\" target=\"_blank\" rel=\"noreferrer noopener\">Hydraulic simulation of perforated pipe systems feeding vertical flow constructed wetlands<\/a>. Water Science &amp; Technology 77 (5), 1431-1440. DOI: 10.2166\/wst.2018.025<\/li>\n\n\n\n<li>Urte Paul, Christian Karpf, Peter Mosig: Hydraulische Modellierung als Werkzeug zur Bemessung und Bewertung der Beschickung von Bodenfiltern. KA Korrespondenz Abwasser, Abfall (2019)<\/li>\n<\/ul>\n\n\n\n<p><strong>Forschungsvorhaben<\/strong><br>Im Projekt \u201cStromlose Beschickung von bewachsenen Bodenfiltern (STROBE)\u201d, das durch das Bundesministerium f\u00fcr Bildung und Forschung (BMBF, FKZ: 02WQ1302) gef\u00f6rdert wurde, arbeiteten wir an der optimalen Auslegung von Beschickungssystemen f\u00fcr Pflanzenkl\u00e4ranlagen.<\/p>\n\n\n\n<p>Im Projekt \u201cEntwicklung und Erprobung eines Messkonzeptes und einer Analysesoftware zur Lokalisierung von Fremdwasser in l\u00e4ndlichen Kanalnetzen (REFL\u00c4KA)\u201d, gef\u00f6rdert durch die Deutsche Bundesstiftung Umwelt (DBU), wurden eine neue Methode zur Fremdwasseranalyse auf der Basis von Grundwasserpegelmessungen entwickelt.<\/p>\n\n\n\n<p>In einem Projekt zur Modellierung der Beschickungssysteme von Bodenfiltern wurde eine eigene Software zur Berechnung der Abwasserverteilung in Bodenfiltern entwickelt (F\u00f6rderung durch die S\u00e4chsische Aufbaubank, Europ\u00e4ischer Sozialfond), siehe auch <a href=\"https:\/\/www.wasserwerkstatt-dresden.de\/wp-content\/uploads\/2026\/04\/Information_hydrSi-5.pdf\" target=\"_blank\" rel=\"noreferrer noopener\">Infoblatt Beschickung<\/a>.<\/p>\n\n\n\n<p>Im Projekt Med-zeroSolvent (Neue Wege im medizintechnischen Wassermanagement \u2013 Etablierung innovativer Methoden f\u00fcr die abwasserfreie Produktion durch energieeffiziente Behandlung von stark belasteten Prozessw\u00e4ssern aus der Membranherstellung) besch\u00e4ftigten wir uns mit der Behandlung von L\u00f6sungsmittelhaltigem Abwasser der Membranherstellung. (BMBF FKZ: 02WV1566F ).<\/p>\n\n\n\n\n\n<figure class=\"wp-block-image size-large\"><img loading=\"lazy\" decoding=\"async\" width=\"1024\" height=\"1024\" src=\"https:\/\/www.wasserwerkstatt-dresden.de\/wp-content\/uploads\/2026\/04\/DBU_Logo-1024x1024.jpg\" alt=\"\" class=\"wp-image-65\" srcset=\"https:\/\/www.wasserwerkstatt-dresden.de\/wp-content\/uploads\/2026\/04\/DBU_Logo-1024x1024.jpg 1024w, https:\/\/www.wasserwerkstatt-dresden.de\/wp-content\/uploads\/2026\/04\/DBU_Logo-300x300.jpg 300w, https:\/\/www.wasserwerkstatt-dresden.de\/wp-content\/uploads\/2026\/04\/DBU_Logo-150x150.jpg 150w, https:\/\/www.wasserwerkstatt-dresden.de\/wp-content\/uploads\/2026\/04\/DBU_Logo-768x768.jpg 768w, https:\/\/www.wasserwerkstatt-dresden.de\/wp-content\/uploads\/2026\/04\/DBU_Logo.jpg 1111w\" sizes=\"auto, (max-width: 1024px) 100vw, 1024px\" \/><\/figure>\n\n\n\n<figure class=\"wp-block-image size-large\"><img loading=\"lazy\" decoding=\"async\" width=\"1024\" height=\"627\" src=\"https:\/\/www.wasserwerkstatt-dresden.de\/wp-content\/uploads\/2026\/04\/SMWA_ESF_LO_Sachsen_2019_HOCH_RGB-1024x627.png\" alt=\"\" class=\"wp-image-67\" srcset=\"https:\/\/www.wasserwerkstatt-dresden.de\/wp-content\/uploads\/2026\/04\/SMWA_ESF_LO_Sachsen_2019_HOCH_RGB-1024x627.png 1024w, https:\/\/www.wasserwerkstatt-dresden.de\/wp-content\/uploads\/2026\/04\/SMWA_ESF_LO_Sachsen_2019_HOCH_RGB-300x184.png 300w, https:\/\/www.wasserwerkstatt-dresden.de\/wp-content\/uploads\/2026\/04\/SMWA_ESF_LO_Sachsen_2019_HOCH_RGB-768x470.png 768w, https:\/\/www.wasserwerkstatt-dresden.de\/wp-content\/uploads\/2026\/04\/SMWA_ESF_LO_Sachsen_2019_HOCH_RGB.png 1157w\" sizes=\"auto, (max-width: 1024px) 100vw, 1024px\" \/><\/figure>\n\n\n\n\n\n<p><\/p>\n","protected":false},"excerpt":{"rendered":"<p>Um unsere Anlagen und Methoden weiter zu entwickeln, sind wir am Austausch mit Fachleuten und wissenschaftlichen Einrichtungen interessiert. Wir betreuen Diplom- und Projektarbeiten und beteiligen uns an Forschungsprojekten.Folgende Arbeiten haben wurden und werden von uns 2012\/2013 betreut. Eigene Forschungsarbeiten entstanden in den letzten Jahren auf dem Gebiet der Fremdwasseranalyse, Abwasserexfiltration und Beschickung von Pflanzenkl\u00e4ranlagen. Nachfolgend [&hellip;]<\/p>\n","protected":false},"author":1,"featured_media":0,"parent":0,"menu_order":4,"comment_status":"closed","ping_status":"closed","template":"","meta":{"footnotes":""},"class_list":["post-45","page","type-page","status-publish","hentry"],"_links":{"self":[{"href":"https:\/\/www.wasserwerkstatt-dresden.de\/index.php?rest_route=\/wp\/v2\/pages\/45","targetHints":{"allow":["GET"]}}],"collection":[{"href":"https:\/\/www.wasserwerkstatt-dresden.de\/index.php?rest_route=\/wp\/v2\/pages"}],"about":[{"href":"https:\/\/www.wasserwerkstatt-dresden.de\/index.php?rest_route=\/wp\/v2\/types\/page"}],"author":[{"embeddable":true,"href":"https:\/\/www.wasserwerkstatt-dresden.de\/index.php?rest_route=\/wp\/v2\/users\/1"}],"replies":[{"embeddable":true,"href":"https:\/\/www.wasserwerkstatt-dresden.de\/index.php?rest_route=%2Fwp%2Fv2%2Fcomments&post=45"}],"version-history":[{"count":12,"href":"https:\/\/www.wasserwerkstatt-dresden.de\/index.php?rest_route=\/wp\/v2\/pages\/45\/revisions"}],"predecessor-version":[{"id":71,"href":"https:\/\/www.wasserwerkstatt-dresden.de\/index.php?rest_route=\/wp\/v2\/pages\/45\/revisions\/71"}],"wp:attachment":[{"href":"https:\/\/www.wasserwerkstatt-dresden.de\/index.php?rest_route=%2Fwp%2Fv2%2Fmedia&parent=45"}],"curies":[{"name":"wp","href":"https:\/\/api.w.org\/{rel}","templated":true}]}}